{"id":525,"date":"2025-03-28T09:08:40","date_gmt":"2025-03-28T08:08:40","guid":{"rendered":"https:\/\/dimphealth.com\/informacja-prawna\/"},"modified":"2025-09-30T13:41:14","modified_gmt":"2025-09-30T11:41:14","slug":"informacja-prawna","status":"publish","type":"page","link":"https:\/\/dimphealth.com\/pl\/informacja-prawna\/","title":{"rendered":"Informacja prawna"},"content":{"rendered":"\n<h3 class=\"wp-block-heading\">I. INFORMACJE OG\u00d3LNE<\/h3>\n\n<p>Zgodnie z obowi\u0105zkiem informacyjnym przewidzianym w Ustawie 34\/2002 o us\u0142ugach spo\u0142ecze\u0144stwa informacyjnego i handlu elektronicznym (LSSI-CE) z dnia 11 lipca, poni\u017cej zamieszczamy nast\u0119puj\u0105ce og\u00f3lne informacje na temat tej strony internetowej:<\/p>\n\n<p>W\u0142a\u015bcicielem tej witryny internetowej dimphealth.com (zwanej dalej Witryn\u0105) jest: , z NIF: , kt\u00f3rego dane kontaktowe to:<\/p>\n\n<p>W\u0142a\u015bcicielem tej witryny internetowej dimphealth.com (zwanej dalej Witryn\u0105) jest sp\u00f3\u0142ka: Dimphealth SL, o numerze NIF: B56978299, zarejestrowana w Rejestrze Handlowym w Granadzie pod nast\u0119puj\u0105cymi danymi rejestracyjnymi: T 1859, F 25, S 8, H GR 60500, I\/A 1, kt\u00f3rej przedstawicielem jest: Nicol\u00e1s Ben\u00edtez Mu\u00f1oz, a kt\u00f3rej dane kontaktowe to:<\/p>\n\n<ul class=\"wp-block-list\">\n<li>Adres: C\/ JULIO CORTAZAR, 1 18152 (DILAR)<\/li>\n\n\n\n<li>Numer telefonu kontaktowego: <a href=\"tel:+34654508378\">654 50 83 78<\/a><\/li>\n\n\n\n<li>Adres e-mail kontaktowy: <a href=\"mailto:info@dimphealth.com\" target=\"_blank\" rel=\"noreferrer noopener\">info@dimphealth.com<\/a><\/li>\n<\/ul>\n\n<h3 class=\"wp-block-heading\">II. Adres e-mail kontaktowy: info@dimphealth.com <\/h3>\n\n<h4 class=\"wp-block-heading\">Cel warunk\u00f3w: Witryna internetowa<\/h4>\n\n<p>Celem niniejszych Og\u00f3lnych Warunk\u00f3w Korzystania (zwanych dalej \u201eWarunkami\u201d) jest uregulowanie dost\u0119pu do Witryny i korzystania z niej. Na potrzeby niniejszych Warunk\u00f3w, Witryn\u0119 rozumie si\u0119 jako: zewn\u0119trzny wygl\u0105d interfejs\u00f3w ekranowych, zar\u00f3wno statycznych, jak i dynamicznych, tj. drzewo nawigacji; oraz wszystkie elementy zintegrowane zar\u00f3wno z interfejsami ekranowymi, jak i drzewem nawigacji (zwane dalej \u201eTre\u015bci\u0105\u201d), a tak\u017ce wszystkie us\u0142ugi lub zasoby online, kt\u00f3re mog\u0105 by\u0107 oferowane U\u017cytkownikom (zwane dalej \u201eUs\u0142ugami\u201d). <\/p>\n\n<p>DimpHealth zastrzega sobie prawo do modyfikowania, w dowolnym momencie i bez uprzedniego powiadomienia, wygl\u0105du i konfiguracji Strony Internetowej oraz wszelkich Tre\u015bci i Us\u0142ug w niej zawartych. U\u017cytkownik przyjmuje do wiadomo\u015bci i akceptuje, \u017ce DimpHealth mo\u017ce w dowolnym momencie przerwa\u0107, dezaktywowa\u0107 i\/lub anulowa\u0107 dowolny z tych element\u00f3w zintegrowanych ze Stron\u0105 Internetow\u0105 lub dost\u0119p do nich. <\/p>\n\n<p>Dost\u0119p U\u017cytkownika do Serwisu jest bezp\u0142atny i, co do zasady, bezp\u0142atny. U\u017cytkownik nie musi ponosi\u0107 \u017cadnego wynagrodzenia za korzystanie z Serwisu, z wyj\u0105tkiem koszt\u00f3w po\u0142\u0105czenia za po\u015brednictwem sieci telekomunikacyjnej udost\u0119pnianej przez dostawc\u0119, z kt\u00f3rym U\u017cytkownik zawar\u0142 umow\u0119.<\/p>\n\n<p>Opr\u00f3cz koszt\u00f3w po\u0142\u0105czenia za po\u015brednictwem sieci telekomunikacyjnej udost\u0119pnianej przez dostawc\u0119 dost\u0119pu, z kt\u00f3r\u0105 U\u017cytkownik zawar\u0142 umow\u0119, cz\u0119\u015b\u0107 Tre\u015bci lub Us\u0142ug oferowanych przez DimpHealth lub, w stosownych przypadkach, osoby trzecie za po\u015brednictwem Witryny mo\u017ce podlega\u0107 wcze\u015bniejszemu zawarciu umowy na Tre\u015b\u0107 lub Us\u0142ug\u0119, w takim przypadku odpowiednie Og\u00f3lne lub Szczeg\u00f3\u0142owe Warunki, kt\u00f3rymi si\u0119 to reguluje, zostan\u0105 wyra\u017anie okre\u015blone i\/lub udost\u0119pnione U\u017cytkownikowi.<\/p>\n\n<p>Korzystanie z Tre\u015bci lub Us\u0142ug Strony internetowej mo\u017ce odbywa\u0107 si\u0119 po uprzedniej subskrypcji lub rejestracji przez U\u017cytkownika.<\/p>\n\n<p>Korzystanie z Tre\u015bci nie wymaga wcze\u015bniejszej subskrypcji ani rejestracji.<\/p>\n\n<h4 class=\"wp-block-heading\">U\u017cytkownik<\/h4>\n\n<p>Dost\u0119p, przegl\u0105danie i korzystanie ze Strony Internetowej, a tak\u017ce przestrzeni umo\u017cliwiaj\u0105cych interakcj\u0119 mi\u0119dzy U\u017cytkownikami oraz U\u017cytkownikiem a DimpHealth, takich jak komentarze i\/lub blogi, nadaje status U\u017cytkownika. W zwi\u0105zku z tym, od momentu rozpocz\u0119cia przegl\u0105dania Strony Internetowej, U\u017cytkownik akceptuje wszystkie Warunki okre\u015blone w niniejszym dokumencie, wraz z wszelkimi p\u00f3\u017aniejszymi zmianami, bez uszczerbku dla stosowania odpowiednich, bezwzgl\u0119dnie obowi\u0105zuj\u0105cych przepis\u00f3w prawa. Z uwagi na istotno\u015b\u0107 powy\u017cszych postanowie\u0144, U\u017cytkownikowi zaleca si\u0119 zapoznanie si\u0119 z nimi przy ka\u017cdej wizycie na Stronie Internetowej. <\/p>\n\n<p>Strona internetowa DimpHealth udost\u0119pnia szerok\u0105 gam\u0119 informacji, us\u0142ug i danych. U\u017cytkownicy ponosz\u0105 odpowiedzialno\u015b\u0107 za prawid\u0142owe korzystanie ze Strony internetowej. Odpowiedzialno\u015b\u0107 ta obejmuje:  <\/p>\n\n<ul class=\"wp-block-list\">\n<li>Jakiekolwiek wykorzystanie informacji, Tre\u015bci i\/lub Us\u0142ug oraz danych oferowanych przez DimpHealth, kt\u00f3re nie jest sprzeczne z postanowieniami niniejszych Warunk\u00f3w, prawem, dobrymi obyczajami lub porz\u0105dkiem publicznym lub kt\u00f3re w jakikolwiek inny spos\u00f3b mo\u017ce oznacza\u0107 naruszenie praw os\u00f3b trzecich lub funkcjonowania samej Witryny.<\/li>\n\n\n\n<li>Prawdziwo\u015b\u0107 i legalno\u015b\u0107 informacji podanych przez U\u017cytkownika w formularzach udost\u0119pnionych przez DimpHealth w celu uzyskania dost\u0119pu do okre\u015blonych Tre\u015bci lub Us\u0142ug oferowanych na Stronie. W ka\u017cdym przypadku U\u017cytkownik jest zobowi\u0105zany do niezw\u0142ocznego powiadomienia DimpHealth o wszelkich zdarzeniach, kt\u00f3re mog\u0105 prowadzi\u0107 do niew\u0142a\u015bciwego wykorzystania informacji wprowadzonych w tych formularzach, takich jak mi\u0119dzy innymi kradzie\u017c, utrata lub nieautoryzowany dost\u0119p do identyfikator\u00f3w i\/lub hase\u0142, aby mog\u0142y one zosta\u0107 natychmiast anulowane. <\/li>\n<\/ul>\n\n<p>DimpHealth zastrzega sobie prawo do usuwania wszelkich komentarzy i wpis\u00f3w, kt\u00f3re naruszaj\u0105 prawo, poszanowanie godno\u015bci ludzkiej, s\u0105 dyskryminuj\u0105ce, ksenofobiczne, rasistowskie, pornograficzne, stanowi\u0105 spam lub stanowi\u0105 zagro\u017cenie dla dzieci i m\u0142odzie\u017cy, porz\u0105dku publicznego lub bezpiecze\u0144stwa b\u0105d\u017a, wed\u0142ug naszej oceny, nie nadaj\u0105 si\u0119 do publikacji.<\/p>\n\n<p>DimpHealth w \u017cadnym wypadku nie ponosi odpowiedzialno\u015bci za opinie wyra\u017cane przez U\u017cytkownik\u00f3w za po\u015brednictwem komentarzy lub innych narz\u0119dzi blogowych lub do udzia\u0142u w dyskusjach.<\/p>\n\n<p>Sam dost\u0119p do tej Strony internetowej nie powoduje ustanowienia \u017cadnego rodzaju relacji handlowej pomi\u0119dzy DimpHealth a U\u017cytkownikiem.<\/p>\n\n<p>U\u017cytkownik o\u015bwiadcza, \u017ce \u200b\u200bjest pe\u0142noletni i posiada zdolno\u015b\u0107 prawn\u0105 do przestrzegania niniejszego Regulaminu. W zwi\u0105zku z tym niniejsza Strona Internetowa DimpHealth nie jest przeznaczona dla os\u00f3b niepe\u0142noletnich. DimpHealth nie ponosi odpowiedzialno\u015bci za nieprzestrzeganie tego wymogu.  <\/p>\n\n<p>Zgodnie z obowi\u0105zuj\u0105cymi przepisami, niniejsza strona internetowa DimpHealth jest przeznaczona dla wszystkich os\u00f3b, bez wzgl\u0119du na wiek, kt\u00f3re mog\u0105 uzyska\u0107 dost\u0119p do stron witryny i\/lub je przegl\u0105da\u0107.<\/p>\n\n<p>Strona internetowa jest przeznaczona przede wszystkim dla U\u017cytkownik\u00f3w zamieszka\u0142ych w Hiszpanii. DimpHealth nie gwarantuje, \u017ce Strona internetowa jest zgodna z prawem innych kraj\u00f3w, w ca\u0142o\u015bci lub w cz\u0119\u015bci. Je\u015bli U\u017cytkownik mieszka lub ma miejsce zamieszkania w innym kraju i zdecyduje si\u0119 na dost\u0119p do Strony internetowej i\/lub przegl\u0105danie jej, czyni to na w\u0142asne ryzyko. U\u017cytkownik musi upewni\u0107 si\u0119, \u017ce taki dost\u0119p i przegl\u0105danie s\u0105 zgodne z obowi\u0105zuj\u0105cymi przepisami lokalnymi. DimpHealth nie ponosi \u017cadnej odpowiedzialno\u015bci wynikaj\u0105cej z takiego dost\u0119pu.  <\/p>\n\n<h3 class=\"wp-block-heading\">III. DOST\u0118P I NAWIGACJA NA STRONIE INTERNETOWEJ: WY\u0141\u0104CZENIE GWARANCJI I ODPOWIEDZIALNO\u015aCI <\/h3>\n\n<p>DimpHealth nie gwarantuje ci\u0105g\u0142o\u015bci, dost\u0119pno\u015bci ani u\u017cyteczno\u015bci Strony internetowej, ani Tre\u015bci i Us\u0142ug. DimpHealth do\u0142o\u017cy wszelkich stara\u0144, aby zapewni\u0107 prawid\u0142owe funkcjonowanie Strony internetowej; jednak\u017ce nie ponosi odpowiedzialno\u015bci ani nie gwarantuje, \u017ce dost\u0119p do Strony internetowej b\u0119dzie nieprzerwany i wolny od b\u0142\u0119d\u00f3w. <\/p>\n\n<p>DimpHealth nie ponosi odpowiedzialno\u015bci ani nie gwarantuje, \u017ce tre\u015bci lub oprogramowanie dost\u0119pne za po\u015brednictwem niniejszej Witryny s\u0105 wolne od b\u0142\u0119d\u00f3w lub spowoduj\u0105 uszkodzenie systemu komputerowego U\u017cytkownika (oprogramowania i sprz\u0119tu). W \u017cadnym wypadku DimpHealth nie ponosi odpowiedzialno\u015bci za jakiekolwiek straty, szkody lub szkody jakiegokolwiek rodzaju wynikaj\u0105ce z dost\u0119pu do Witryny, przegl\u0105dania jej lub korzystania z niej, w tym mi\u0119dzy innymi za uszkodzenia system\u00f3w komputerowych lub spowodowane wprowadzeniem wirus\u00f3w. <\/p>\n\n<p>DimpHealth nie ponosi r\u00f3wnie\u017c odpowiedzialno\u015bci za jakiekolwiek szkody, jakie mog\u0105 zosta\u0107 wyrz\u0105dzone u\u017cytkownikom w wyniku niew\u0142a\u015bciwego korzystania z niniejszej Strony Internetowej. W szczeg\u00f3lno\u015bci nie ponosi odpowiedzialno\u015bci za jakiekolwiek przerwy, awarie lub wady telekomunikacyjne, kt\u00f3re mog\u0105 wyst\u0105pi\u0107. <\/p>\n\n<h3 class=\"wp-block-heading\">IV. POLITYKA DOTYCZ\u0104CA LINK\u00d3W <\/h3>\n\n<p>Niniejszym informujemy u\u017cytkownik\u00f3w, \u017ce witryna internetowa DimpHealth udost\u0119pnia lub mo\u017ce udost\u0119pnia\u0107 u\u017cytkownikom \u015brodki linkowania (takie jak linki, banery, przyciski), katalogi i wyszukiwarki, kt\u00f3re umo\u017cliwiaj\u0105 u\u017cytkownikom dost\u0119p do witryn internetowych nale\u017c\u0105cych do os\u00f3b trzecich lub zarz\u0105dzanych przez osoby trzecie.<\/p>\n\n<p>Zamieszczenie tych link\u00f3w, katalog\u00f3w i wyszukiwarek na Stronie internetowej ma na celu u\u0142atwienie U\u017cytkownikom wyszukiwania i dost\u0119pu do informacji dost\u0119pnych w Internecie. Nie mo\u017cna tego traktowa\u0107 jako sugestii, rekomendacji ani zaproszenia do ich odwiedzenia.<\/p>\n\n<p>DimpHealth nie oferuje ani nie sprzedaje, samodzielnie ani za po\u015brednictwem os\u00f3b trzecich, produkt\u00f3w i\/lub us\u0142ug dost\u0119pnych na takich powi\u0105zanych stronach.<\/p>\n\n<p>DimpHealth oferuje sponsorowane tre\u015bci, reklamy i\/lub linki afiliacyjne. Informacje zawarte w tych linkach afiliacyjnych lub osadzonych reklamach pochodz\u0105 od samych reklamodawc\u00f3w. W zwi\u0105zku z tym DimpHealth nie ponosi odpowiedzialno\u015bci za jakiekolwiek nie\u015bcis\u0142o\u015bci lub b\u0142\u0119dy, kt\u00f3re mog\u0105 znajdowa\u0107 si\u0119 w reklamach, ani w \u017caden spos\u00f3b nie gwarantuje jako\u015bci, rzetelno\u015bci ani odpowiedzialno\u015bci reklamodawc\u00f3w ani jako\u015bci ich produkt\u00f3w i\/lub us\u0142ug. <\/p>\n\n<p>Podobnie, nie gwarantujemy dost\u0119pno\u015bci technicznej, dok\u0142adno\u015bci, prawdziwo\u015bci, wa\u017cno\u015bci ani legalno\u015bci stron internetowych, kt\u00f3re nie s\u0105 nasz\u0105 w\u0142asno\u015bci\u0105, a do kt\u00f3rych mo\u017cna uzyska\u0107 dost\u0119p za po\u015brednictwem link\u00f3w.<\/p>\n\n<p>DimpHealth w \u017cadnym wypadku nie przegl\u0105da ani nie kontroluje zawarto\u015bci innych stron internetowych, ani nie zatwierdza, nie bada ani nie popiera produkt\u00f3w i us\u0142ug, tre\u015bci, plik\u00f3w ani \u017cadnych innych materia\u0142\u00f3w znajduj\u0105cych si\u0119 na takich powi\u0105zanych stronach.<\/p>\n\n<p>DimpHealth nie ponosi \u017cadnej odpowiedzialno\u015bci za szkody mog\u0105ce powsta\u0107 w wyniku dost\u0119pu do tre\u015bci, komunikat\u00f3w, opinii, produkt\u00f3w i us\u0142ug na stronach internetowych niezarz\u0105dzanych przez DimpHealth, a po\u0142\u0105czonych z t\u0105 Stron\u0105 internetow\u0105, ich u\u017cytkowania, jako\u015bci lub legalno\u015bci.<\/p>\n\n<p>U\u017cytkownik lub osoba trzecia tworz\u0105ca hiper\u0142\u0105cze ze strony internetowej innej, innej witryny do witryny DimpHealth powinna wiedzie\u0107, \u017ce:<\/p>\n\n<p>Powielanie ca\u0142o\u015bci lub fragment\u00f3w jakiejkolwiek Tre\u015bci i\/lub Us\u0142ug Strony internetowej bez wyra\u017anej zgody DimpHealth jest zabronione.<\/p>\n\n<p>Zabrania si\u0119 r\u00f3wnie\u017c zamieszczania jakichkolwiek fa\u0142szywych, niedok\u0142adnych lub niepoprawnych o\u015bwiadcze\u0144 na temat witryny internetowej DimpHealth lub jej zawarto\u015bci i\/lub us\u0142ug.<\/p>\n\n<p>Za wyj\u0105tkiem hiper\u0142\u0105cza, strona internetowa, na kt\u00f3rej umieszczono wspomniane hiper\u0142\u0105cze, nie b\u0119dzie zawiera\u0107 \u017cadnych element\u00f3w niniejszej Strony internetowej, kt\u00f3re s\u0105 chronione jako w\u0142asno\u015b\u0107 intelektualna na mocy prawa hiszpa\u0144skiego, chyba \u017ce DimpHealth wyra\u017anie zezwoli na to.<\/p>\n\n<p>Utworzenie hiper\u0142\u0105cza nie oznacza istnienia jakiegokolwiek zwi\u0105zku pomi\u0119dzy DimpHealth a w\u0142a\u015bcicielem strony internetowej, na podstawie kt\u00f3rej zosta\u0142o utworzone, ani nie oznacza, \u017ce \u200b\u200bDimpHealth wie i akceptuje tre\u015bci, us\u0142ugi i\/lub dzia\u0142ania oferowane na wspomnianej stronie internetowej i odwrotnie.<\/p>\n\n<h3 class=\"wp-block-heading\">V. W\u0141ASNO\u015a\u0106 INTELEKTUALNA I PRZEMYS\u0141OWA<\/h3>\n\n<p>DimpHealth, samodzielnie lub jako cesjonariusz, jest w\u0142a\u015bcicielem wszelkich praw w\u0142asno\u015bci intelektualnej i przemys\u0142owej do Witryny, a tak\u017ce do zawartych w niej element\u00f3w (w tym mi\u0119dzy innymi obraz\u00f3w, d\u017awi\u0119k\u00f3w, plik\u00f3w audio, wideo, oprogramowania lub tekstu, znak\u00f3w towarowych lub logo, kombinacji kolor\u00f3w, struktury i projektu, doboru u\u017cytych materia\u0142\u00f3w, program\u00f3w komputerowych niezb\u0119dnych do jej dzia\u0142ania, dost\u0119pu i u\u017cytkowania itp.). W zwi\u0105zku z tym, dzie\u0142a te s\u0105 chronione jako w\u0142asno\u015b\u0107 intelektualna na mocy prawa hiszpa\u0144skiego, a zastosowanie maj\u0105 zar\u00f3wno przepisy hiszpa\u0144skie, jak i europejskie w tym zakresie, a tak\u017ce umowy mi\u0119dzynarodowe dotycz\u0105ce tej dziedziny, podpisane przez Hiszpani\u0119. <\/p>\n\n<p>Wszelkie prawa zastrze\u017cone. Zgodnie z przepisami Ustawy o w\u0142asno\u015bci intelektualnej, reprodukcja, dystrybucja i publiczne udost\u0119pnianie, w tym udost\u0119pnianie, ca\u0142o\u015bci lub cz\u0119\u015bci zawarto\u015bci niniejszej strony internetowej w celach komercyjnych, na jakimkolwiek no\u015bniku i za pomoc\u0105 jakichkolwiek \u015brodk\u00f3w technicznych, bez zezwolenia DimpHealth, jest wyra\u017anie zabronione. <\/p>\n\n<p>U\u017cytkownik zgadza si\u0119 szanowa\u0107 prawa w\u0142asno\u015bci intelektualnej i przemys\u0142owej DimpHealth. U\u017cytkownicy mog\u0105 przegl\u0105da\u0107 elementy Witryny, a nawet drukowa\u0107, kopiowa\u0107 i przechowywa\u0107 je na dysku twardym swojego komputera lub innym no\u015bniku fizycznym, pod warunkiem, \u017ce robi\u0105 to wy\u0142\u0105cznie do u\u017cytku osobistego. U\u017cytkownik nie mo\u017ce jednak usuwa\u0107, modyfikowa\u0107 ani manipulowa\u0107 \u017cadnymi urz\u0105dzeniami zabezpieczaj\u0105cymi ani systemami bezpiecze\u0144stwa zainstalowanymi w Witrynie.  <\/p>\n\n<p>Je\u017celi U\u017cytkownik lub osoba trzecia uzna, \u017ce \u200b\u200bjakakolwiek Tre\u015b\u0107 witryny internetowej narusza prawa w\u0142asno\u015bci intelektualnej, musi niezw\u0142ocznie powiadomi\u0107 o tym DimpHealth, korzystaj\u0105c z danych kontaktowych podanych w cz\u0119\u015bci INFORMACJE OG\u00d3LNE niniejszej Informacji prawnej i Og\u00f3lnych warunk\u00f3w korzystania.<\/p>\n\n<h3 class=\"wp-block-heading\">VI. DZIA\u0141ANIA PRAWNE, OBOWI\u0104ZUJ\u0104CE USTAWODAWSTWO I JURYSDYKCJA <\/h3>\n\n<p>DimpHealth zastrzega sobie prawo do podj\u0119cia wszelkich krok\u00f3w cywilnych lub karnych, jakie uzna za konieczne w przypadku niew\u0142a\u015bciwego wykorzystania Witryny i Tre\u015bci lub nieprzestrzegania niniejszych Warunk\u00f3w.<\/p>\n\n<p>Relacje mi\u0119dzy U\u017cytkownikiem a DimpHealth podlegaj\u0105 przepisom obowi\u0105zuj\u0105cym w Hiszpanii. W przypadku jakichkolwiek spor\u00f3w dotycz\u0105cych interpretacji i\/lub stosowania niniejszych Warunk\u00f3w, strony poddadz\u0105 swoje spory pod rozstrzygni\u0119cie w\u0142a\u015bciwych s\u0105d\u00f3w i trybuna\u0142\u00f3w. <\/p>\n","protected":false},"excerpt":{"rendered":"<p>I. INFORMACJE OG\u00d3LNE Zgodnie z obowi\u0105zkiem informacyjnym przewidzianym w Ustawie 34\/2002 o us\u0142ugach spo\u0142ecze\u0144stwa informacyjnego i handlu elektronicznym (LSSI-CE) z dnia 11 lipca, poni\u017cej zamieszczamy nast\u0119puj\u0105ce og\u00f3lne informacje na temat tej strony internetowej: W\u0142a\u015bcicielem tej witryny internetowej dimphealth.com (zwanej dalej Witryn\u0105) jest: , z NIF: , kt\u00f3rego dane kontaktowe to: W\u0142a\u015bcicielem tej witryny internetowej dimphealth.com [&hellip;]<\/p>\n","protected":false},"author":1,"featured_media":0,"parent":0,"menu_order":97,"comment_status":"closed","ping_status":"closed","template":"","meta":{"_acf_changed":false,"inline_featured_image":false,"footnotes":""},"class_list":["post-525","page","type-page","status-publish","hentry"],"acf":[],"yoast_head":"<!-- This site is optimized with the Yoast SEO plugin v26.3 - https:\/\/yoast.com\/wordpress\/plugins\/seo\/ -->\n<title>Informacja prawna - Dimphealth<\/title>\n<meta name=\"robots\" content=\"noindex, nofollow\" \/>\n<meta property=\"og:locale\" content=\"pl_PL\" \/>\n<meta property=\"og:type\" content=\"article\" \/>\n<meta property=\"og:title\" content=\"Informacja prawna - Dimphealth\" \/>\n<meta property=\"og:description\" content=\"I. INFORMACJE OG\u00d3LNE Zgodnie z obowi\u0105zkiem informacyjnym przewidzianym w Ustawie 34\/2002 o us\u0142ugach spo\u0142ecze\u0144stwa informacyjnego i handlu elektronicznym (LSSI-CE) z dnia 11 lipca, poni\u017cej zamieszczamy nast\u0119puj\u0105ce og\u00f3lne informacje na temat tej strony internetowej: W\u0142a\u015bcicielem tej witryny internetowej dimphealth.com (zwanej dalej Witryn\u0105) jest: , z NIF: , kt\u00f3rego dane kontaktowe to: W\u0142a\u015bcicielem tej witryny internetowej dimphealth.com [&hellip;]\" \/>\n<meta property=\"og:url\" content=\"https:\/\/dimphealth.com\/pl\/informacja-prawna\/\" \/>\n<meta property=\"og:site_name\" content=\"Dimphealth\" \/>\n<meta property=\"article:modified_time\" content=\"2025-09-30T11:41:14+00:00\" \/>\n<meta property=\"og:image\" content=\"https:\/\/dimphealth.com\/wp-content\/uploads\/2025\/04\/thumbnail-dimphealth.jpg\" \/>\n\t<meta property=\"og:image:width\" content=\"1200\" \/>\n\t<meta property=\"og:image:height\" content=\"675\" \/>\n\t<meta property=\"og:image:type\" content=\"image\/jpeg\" \/>\n<meta name=\"twitter:card\" content=\"summary_large_image\" \/>\n<meta name=\"twitter:label1\" content=\"Szacowany czas czytania\" \/>\n\t<meta name=\"twitter:data1\" content=\"10 minut\" \/>\n<script type=\"application\/ld+json\" class=\"yoast-schema-graph\">{\"@context\":\"https:\/\/schema.org\",\"@graph\":[{\"@type\":\"WebPage\",\"@id\":\"https:\/\/dimphealth.com\/pl\/informacja-prawna\/\",\"url\":\"https:\/\/dimphealth.com\/pl\/informacja-prawna\/\",\"name\":\"Informacja prawna - Dimphealth\",\"isPartOf\":{\"@id\":\"https:\/\/dimphealth.com\/pl\/#website\"},\"datePublished\":\"2025-03-28T08:08:40+00:00\",\"dateModified\":\"2025-09-30T11:41:14+00:00\",\"breadcrumb\":{\"@id\":\"https:\/\/dimphealth.com\/pl\/informacja-prawna\/#breadcrumb\"},\"inLanguage\":\"pl-PL\",\"potentialAction\":[{\"@type\":\"ReadAction\",\"target\":[\"https:\/\/dimphealth.com\/pl\/informacja-prawna\/\"]}]},{\"@type\":\"BreadcrumbList\",\"@id\":\"https:\/\/dimphealth.com\/pl\/informacja-prawna\/#breadcrumb\",\"itemListElement\":[{\"@type\":\"ListItem\",\"position\":1,\"name\":\"Home\",\"item\":\"https:\/\/dimphealth.com\/pl\/\"},{\"@type\":\"ListItem\",\"position\":2,\"name\":\"Informacja prawna\"}]},{\"@type\":\"WebSite\",\"@id\":\"https:\/\/dimphealth.com\/pl\/#website\",\"url\":\"https:\/\/dimphealth.com\/pl\/\",\"name\":\"Dimphealth\",\"description\":\"Innovaci\u00f3n y tecnolog\u00eda sanitaria\",\"potentialAction\":[{\"@type\":\"SearchAction\",\"target\":{\"@type\":\"EntryPoint\",\"urlTemplate\":\"https:\/\/dimphealth.com\/pl\/?s={search_term_string}\"},\"query-input\":{\"@type\":\"PropertyValueSpecification\",\"valueRequired\":true,\"valueName\":\"search_term_string\"}}],\"inLanguage\":\"pl-PL\"}]}<\/script>\n<!-- \/ Yoast SEO plugin. -->","yoast_head_json":{"title":"Informacja prawna - Dimphealth","robots":{"index":"noindex","follow":"nofollow"},"og_locale":"pl_PL","og_type":"article","og_title":"Informacja prawna - Dimphealth","og_description":"I. INFORMACJE OG\u00d3LNE Zgodnie z obowi\u0105zkiem informacyjnym przewidzianym w Ustawie 34\/2002 o us\u0142ugach spo\u0142ecze\u0144stwa informacyjnego i handlu elektronicznym (LSSI-CE) z dnia 11 lipca, poni\u017cej zamieszczamy nast\u0119puj\u0105ce og\u00f3lne informacje na temat tej strony internetowej: W\u0142a\u015bcicielem tej witryny internetowej dimphealth.com (zwanej dalej Witryn\u0105) jest: , z NIF: , kt\u00f3rego dane kontaktowe to: W\u0142a\u015bcicielem tej witryny internetowej dimphealth.com [&hellip;]","og_url":"https:\/\/dimphealth.com\/pl\/informacja-prawna\/","og_site_name":"Dimphealth","article_modified_time":"2025-09-30T11:41:14+00:00","og_image":[{"width":1200,"height":675,"url":"https:\/\/dimphealth.com\/wp-content\/uploads\/2025\/04\/thumbnail-dimphealth.jpg","type":"image\/jpeg"}],"twitter_card":"summary_large_image","twitter_misc":{"Szacowany czas czytania":"10 minut"},"schema":{"@context":"https:\/\/schema.org","@graph":[{"@type":"WebPage","@id":"https:\/\/dimphealth.com\/pl\/informacja-prawna\/","url":"https:\/\/dimphealth.com\/pl\/informacja-prawna\/","name":"Informacja prawna - Dimphealth","isPartOf":{"@id":"https:\/\/dimphealth.com\/pl\/#website"},"datePublished":"2025-03-28T08:08:40+00:00","dateModified":"2025-09-30T11:41:14+00:00","breadcrumb":{"@id":"https:\/\/dimphealth.com\/pl\/informacja-prawna\/#breadcrumb"},"inLanguage":"pl-PL","potentialAction":[{"@type":"ReadAction","target":["https:\/\/dimphealth.com\/pl\/informacja-prawna\/"]}]},{"@type":"BreadcrumbList","@id":"https:\/\/dimphealth.com\/pl\/informacja-prawna\/#breadcrumb","itemListElement":[{"@type":"ListItem","position":1,"name":"Home","item":"https:\/\/dimphealth.com\/pl\/"},{"@type":"ListItem","position":2,"name":"Informacja prawna"}]},{"@type":"WebSite","@id":"https:\/\/dimphealth.com\/pl\/#website","url":"https:\/\/dimphealth.com\/pl\/","name":"Dimphealth","description":"Innovaci\u00f3n y tecnolog\u00eda sanitaria","potentialAction":[{"@type":"SearchAction","target":{"@type":"EntryPoint","urlTemplate":"https:\/\/dimphealth.com\/pl\/?s={search_term_string}"},"query-input":{"@type":"PropertyValueSpecification","valueRequired":true,"valueName":"search_term_string"}}],"inLanguage":"pl-PL"}]}},"jetpack_sharing_enabled":true,"_links":{"self":[{"href":"https:\/\/dimphealth.com\/pl\/wp-json\/wp\/v2\/pages\/525","targetHints":{"allow":["GET"]}}],"collection":[{"href":"https:\/\/dimphealth.com\/pl\/wp-json\/wp\/v2\/pages"}],"about":[{"href":"https:\/\/dimphealth.com\/pl\/wp-json\/wp\/v2\/types\/page"}],"author":[{"embeddable":true,"href":"https:\/\/dimphealth.com\/pl\/wp-json\/wp\/v2\/users\/1"}],"replies":[{"embeddable":true,"href":"https:\/\/dimphealth.com\/pl\/wp-json\/wp\/v2\/comments?post=525"}],"version-history":[{"count":3,"href":"https:\/\/dimphealth.com\/pl\/wp-json\/wp\/v2\/pages\/525\/revisions"}],"predecessor-version":[{"id":528,"href":"https:\/\/dimphealth.com\/pl\/wp-json\/wp\/v2\/pages\/525\/revisions\/528"}],"wp:attachment":[{"href":"https:\/\/dimphealth.com\/pl\/wp-json\/wp\/v2\/media?parent=525"}],"curies":[{"name":"wp","href":"https:\/\/api.w.org\/{rel}","templated":true}]}}