{"id":529,"date":"2025-03-28T09:11:25","date_gmt":"2025-03-28T08:11:25","guid":{"rendered":"https:\/\/dimphealth.com\/nasze-zaangazowanie-srodowiskowe\/"},"modified":"2025-09-30T13:56:42","modified_gmt":"2025-09-30T11:56:42","slug":"nasze-zaangazowanie-srodowiskowe","status":"publish","type":"page","link":"https:\/\/dimphealth.com\/pl\/nasze-zaangazowanie-srodowiskowe\/","title":{"rendered":"Nasze zaanga\u017cowanie w ochron\u0119 \u015brodowiska"},"content":{"rendered":"\n<p>DimpHealth traktuje zr\u00f3wnowa\u017cony rozw\u00f3j jako jeden z filar\u00f3w swojego rozwoju, zar\u00f3wno w projektowaniu produkt\u00f3w, jak i w procesach przemys\u0142owych oraz d\u0142ugoterminowych prognozach.<\/p>\n\n<h2 class=\"wp-block-heading has-h-3-font-size\">Projektowanie uwzgl\u0119dniaj\u0105ce kryteria zr\u00f3wnowa\u017conego rozwoju:<\/h2>\n\n<p>Nasze urz\u0105dzenia zosta\u0142y zaprojektowane z my\u015bl\u0105 o d\u0142ugiej \u017cywotno\u015bci, intensywnym u\u017cytkowaniu i mo\u017cliwo\u015bci wielokrotnego u\u017cytku, co zmniejsza potrzeb\u0119 cz\u0119stej wymiany i minimalizuje ilo\u015b\u0107 odpad\u00f3w medycznych.<br\/>Koncentrujemy si\u0119 na materia\u0142ach nadaj\u0105cych si\u0119 do recyklingu i trwa\u0142ych, takich jak aluminium, tekstylia techniczne i wysoce wytrzyma\u0142e tworzywa sztuczne, a tak\u017ce oceniamy dostawc\u00f3w posiadaj\u0105cych certyfikaty \u015brodowiskowe.<\/p>\n\n<h2 class=\"wp-block-heading has-h-3-font-size\">Odpowiedzialna produkcja:<\/h2>\n\n<p>Wi\u0119kszo\u015b\u0107 naszych dostawc\u00f3w przemys\u0142owych pochodzi z Hiszpanii, co zmniejsza \u015blad w\u0119glowy zwi\u0105zany z mi\u0119dzynarodow\u0105 wysy\u0142k\u0105.<br\/>Opracowujemy strategi\u0119 produkcji opart\u0105 na popycie lub zoptymalizowanych partiach, aby unikn\u0105\u0107 nadprodukcji i zb\u0119dnego magazynowania.<\/p>\n\n<h2 class=\"wp-block-heading has-h-3-font-size\">Pakowanie i logistyka:<\/h2>\n\n<p>Opracowujemy opakowania minimalistyczne i nadaj\u0105ce si\u0119 do recyklingu, dostosowane do kana\u0142u logistycznego i kompatybilne z operatorami, kt\u00f3rzy priorytetowo traktuj\u0105 praktyki o niskim wp\u0142ywie na \u015brodowisko.<\/p>\n\n<h2 class=\"wp-block-heading has-h-3-font-size\">Wizja gospodarki o obiegu zamkni\u0119tym:<\/h2>\n\n<p>W ramach naszej strategii zr\u00f3wnowa\u017conego rynku cz\u0119\u015bci zamiennych badamy modele regeneracji, naprawy i zbi\u00f3rki podzespo\u0142\u00f3w.<br\/><\/p>\n\n<p>W przysz\u0142o\u015bci planujemy wdro\u017cy\u0107 system \u201eodpowiedzialnego produktu\u201d umo\u017cliwiaj\u0105cy \u015bledzenie wp\u0142ywu na \u015brodowisko i spo\u0142ecze\u0144stwo.<\/p>\n\n<h2 class=\"wp-block-heading has-h-3-font-size\">Wniosek:<\/h2>\n\n<p>DimpHealth nie tylko d\u0105\u017cy do poprawy jako\u015bci opieki i bezpiecze\u0144stwa pacjent\u00f3w, ale tak\u017ce do \u015bwiadomego i odpowiedzialnego dzia\u0142ania w poszanowaniu \u015brodowiska. Wiemy, \u017ce sektor ochrony zdrowia musi przewodzi\u0107 transformacji w kierunku bardziej zr\u00f3wnowa\u017conego modelu i jeste\u015bmy zdecydowani aktywnie uczestniczy\u0107 w tej zmianie.<\/p>\n","protected":false},"excerpt":{"rendered":"<p>DimpHealth traktuje zr\u00f3wnowa\u017cony rozw\u00f3j jako jeden z filar\u00f3w swojego rozwoju, zar\u00f3wno w projektowaniu produkt\u00f3w, jak i w procesach przemys\u0142owych oraz d\u0142ugoterminowych prognozach. Projektowanie uwzgl\u0119dniaj\u0105ce kryteria zr\u00f3wnowa\u017conego rozwoju: Nasze urz\u0105dzenia zosta\u0142y zaprojektowane z my\u015bl\u0105 o d\u0142ugiej \u017cywotno\u015bci, intensywnym u\u017cytkowaniu i mo\u017cliwo\u015bci wielokrotnego u\u017cytku, co zmniejsza potrzeb\u0119 cz\u0119stej wymiany i minimalizuje ilo\u015b\u0107 odpad\u00f3w medycznych.Koncentrujemy si\u0119 na materia\u0142ach [&hellip;]<\/p>\n","protected":false},"author":1,"featured_media":530,"parent":0,"menu_order":5,"comment_status":"closed","ping_status":"closed","template":"","meta":{"_acf_changed":false,"inline_featured_image":false,"footnotes":""},"class_list":["post-529","page","type-page","status-publish","has-post-thumbnail","hentry"],"acf":[],"yoast_head":"<!-- This site is optimized with the Yoast SEO plugin v26.3 - https:\/\/yoast.com\/wordpress\/plugins\/seo\/ -->\n<title>Nasze zaanga\u017cowanie w ochron\u0119 \u015brodowiska - Dimphealth<\/title>\n<meta name=\"description\" content=\"W DimpHealth dbamy o zr\u00f3wnowa\u017cony rozw\u00f3j i projektujemy przyjazne dla \u015brodowiska urz\u0105dzenia medyczne, kt\u00f3re s\u0105 sp\u00f3jne z wizj\u0105 lepszej przysz\u0142o\u015bci.\" \/>\n<meta name=\"robots\" content=\"index, follow, max-snippet:-1, max-image-preview:large, max-video-preview:-1\" \/>\n<link rel=\"canonical\" href=\"https:\/\/dimphealth.com\/pl\/nasze-zaangazowanie-srodowiskowe\/\" \/>\n<meta property=\"og:locale\" content=\"pl_PL\" \/>\n<meta property=\"og:type\" content=\"article\" \/>\n<meta property=\"og:title\" content=\"Nasze zaanga\u017cowanie w ochron\u0119 \u015brodowiska - Dimphealth\" \/>\n<meta property=\"og:description\" content=\"W DimpHealth dbamy o zr\u00f3wnowa\u017cony rozw\u00f3j i projektujemy przyjazne dla \u015brodowiska urz\u0105dzenia medyczne, kt\u00f3re s\u0105 sp\u00f3jne z wizj\u0105 lepszej przysz\u0142o\u015bci.\" \/>\n<meta property=\"og:url\" content=\"https:\/\/dimphealth.com\/pl\/nasze-zaangazowanie-srodowiskowe\/\" \/>\n<meta property=\"og:site_name\" content=\"Dimphealth\" \/>\n<meta property=\"article:modified_time\" content=\"2025-09-30T11:56:42+00:00\" \/>\n<meta property=\"og:image\" content=\"https:\/\/dimphealth.com\/wp-content\/uploads\/2025\/04\/thumbnail-dimphealth.jpg\" \/>\n\t<meta property=\"og:image:width\" content=\"1200\" \/>\n\t<meta property=\"og:image:height\" content=\"675\" \/>\n\t<meta property=\"og:image:type\" content=\"image\/jpeg\" \/>\n<meta name=\"twitter:card\" content=\"summary_large_image\" \/>\n<meta name=\"twitter:label1\" content=\"Szacowany czas czytania\" \/>\n\t<meta name=\"twitter:data1\" content=\"1 minuta\" \/>\n<script type=\"application\/ld+json\" class=\"yoast-schema-graph\">{\"@context\":\"https:\/\/schema.org\",\"@graph\":[{\"@type\":\"WebPage\",\"@id\":\"https:\/\/dimphealth.com\/pl\/nasze-zaangazowanie-srodowiskowe\/\",\"url\":\"https:\/\/dimphealth.com\/pl\/nasze-zaangazowanie-srodowiskowe\/\",\"name\":\"Nasze zaanga\u017cowanie w ochron\u0119 \u015brodowiska - Dimphealth\",\"isPartOf\":{\"@id\":\"https:\/\/dimphealth.com\/pl\/#website\"},\"primaryImageOfPage\":{\"@id\":\"https:\/\/dimphealth.com\/pl\/nasze-zaangazowanie-srodowiskowe\/#primaryimage\"},\"image\":{\"@id\":\"https:\/\/dimphealth.com\/pl\/nasze-zaangazowanie-srodowiskowe\/#primaryimage\"},\"thumbnailUrl\":\"https:\/\/dimphealth.com\/wp-content\/uploads\/2025\/04\/thumbnail-dimphealth.jpg\",\"datePublished\":\"2025-03-28T08:11:25+00:00\",\"dateModified\":\"2025-09-30T11:56:42+00:00\",\"description\":\"W DimpHealth dbamy o zr\u00f3wnowa\u017cony rozw\u00f3j i projektujemy przyjazne dla \u015brodowiska urz\u0105dzenia medyczne, kt\u00f3re s\u0105 sp\u00f3jne z wizj\u0105 lepszej przysz\u0142o\u015bci.\",\"breadcrumb\":{\"@id\":\"https:\/\/dimphealth.com\/pl\/nasze-zaangazowanie-srodowiskowe\/#breadcrumb\"},\"inLanguage\":\"pl-PL\",\"potentialAction\":[{\"@type\":\"ReadAction\",\"target\":[\"https:\/\/dimphealth.com\/pl\/nasze-zaangazowanie-srodowiskowe\/\"]}]},{\"@type\":\"ImageObject\",\"inLanguage\":\"pl-PL\",\"@id\":\"https:\/\/dimphealth.com\/pl\/nasze-zaangazowanie-srodowiskowe\/#primaryimage\",\"url\":\"https:\/\/dimphealth.com\/wp-content\/uploads\/2025\/04\/thumbnail-dimphealth.jpg\",\"contentUrl\":\"https:\/\/dimphealth.com\/wp-content\/uploads\/2025\/04\/thumbnail-dimphealth.jpg\",\"width\":1200,\"height\":675,\"caption\":\"Imagen para compartir de DimpHealth en la que aparece su logo, un diente de le\u00f3n de fondo y su mochila portasueros en la esquina inferior derecha\"},{\"@type\":\"BreadcrumbList\",\"@id\":\"https:\/\/dimphealth.com\/pl\/nasze-zaangazowanie-srodowiskowe\/#breadcrumb\",\"itemListElement\":[{\"@type\":\"ListItem\",\"position\":1,\"name\":\"Home\",\"item\":\"https:\/\/dimphealth.com\/pl\/\"},{\"@type\":\"ListItem\",\"position\":2,\"name\":\"Nasze zaanga\u017cowanie w ochron\u0119 \u015brodowiska\"}]},{\"@type\":\"WebSite\",\"@id\":\"https:\/\/dimphealth.com\/pl\/#website\",\"url\":\"https:\/\/dimphealth.com\/pl\/\",\"name\":\"Dimphealth\",\"description\":\"Innovaci\u00f3n y tecnolog\u00eda sanitaria\",\"potentialAction\":[{\"@type\":\"SearchAction\",\"target\":{\"@type\":\"EntryPoint\",\"urlTemplate\":\"https:\/\/dimphealth.com\/pl\/?s={search_term_string}\"},\"query-input\":{\"@type\":\"PropertyValueSpecification\",\"valueRequired\":true,\"valueName\":\"search_term_string\"}}],\"inLanguage\":\"pl-PL\"}]}<\/script>\n<!-- \/ Yoast SEO plugin. -->","yoast_head_json":{"title":"Nasze zaanga\u017cowanie w ochron\u0119 \u015brodowiska - Dimphealth","description":"W DimpHealth dbamy o zr\u00f3wnowa\u017cony rozw\u00f3j i projektujemy przyjazne dla \u015brodowiska urz\u0105dzenia medyczne, kt\u00f3re s\u0105 sp\u00f3jne z wizj\u0105 lepszej przysz\u0142o\u015bci.","robots":{"index":"index","follow":"follow","max-snippet":"max-snippet:-1","max-image-preview":"max-image-preview:large","max-video-preview":"max-video-preview:-1"},"canonical":"https:\/\/dimphealth.com\/pl\/nasze-zaangazowanie-srodowiskowe\/","og_locale":"pl_PL","og_type":"article","og_title":"Nasze zaanga\u017cowanie w ochron\u0119 \u015brodowiska - Dimphealth","og_description":"W DimpHealth dbamy o zr\u00f3wnowa\u017cony rozw\u00f3j i projektujemy przyjazne dla \u015brodowiska urz\u0105dzenia medyczne, kt\u00f3re s\u0105 sp\u00f3jne z wizj\u0105 lepszej przysz\u0142o\u015bci.","og_url":"https:\/\/dimphealth.com\/pl\/nasze-zaangazowanie-srodowiskowe\/","og_site_name":"Dimphealth","article_modified_time":"2025-09-30T11:56:42+00:00","og_image":[{"width":1200,"height":675,"url":"https:\/\/dimphealth.com\/wp-content\/uploads\/2025\/04\/thumbnail-dimphealth.jpg","type":"image\/jpeg"}],"twitter_card":"summary_large_image","twitter_misc":{"Szacowany czas czytania":"1 minuta"},"schema":{"@context":"https:\/\/schema.org","@graph":[{"@type":"WebPage","@id":"https:\/\/dimphealth.com\/pl\/nasze-zaangazowanie-srodowiskowe\/","url":"https:\/\/dimphealth.com\/pl\/nasze-zaangazowanie-srodowiskowe\/","name":"Nasze zaanga\u017cowanie w ochron\u0119 \u015brodowiska - Dimphealth","isPartOf":{"@id":"https:\/\/dimphealth.com\/pl\/#website"},"primaryImageOfPage":{"@id":"https:\/\/dimphealth.com\/pl\/nasze-zaangazowanie-srodowiskowe\/#primaryimage"},"image":{"@id":"https:\/\/dimphealth.com\/pl\/nasze-zaangazowanie-srodowiskowe\/#primaryimage"},"thumbnailUrl":"https:\/\/dimphealth.com\/wp-content\/uploads\/2025\/04\/thumbnail-dimphealth.jpg","datePublished":"2025-03-28T08:11:25+00:00","dateModified":"2025-09-30T11:56:42+00:00","description":"W DimpHealth dbamy o zr\u00f3wnowa\u017cony rozw\u00f3j i projektujemy przyjazne dla \u015brodowiska urz\u0105dzenia medyczne, kt\u00f3re s\u0105 sp\u00f3jne z wizj\u0105 lepszej przysz\u0142o\u015bci.","breadcrumb":{"@id":"https:\/\/dimphealth.com\/pl\/nasze-zaangazowanie-srodowiskowe\/#breadcrumb"},"inLanguage":"pl-PL","potentialAction":[{"@type":"ReadAction","target":["https:\/\/dimphealth.com\/pl\/nasze-zaangazowanie-srodowiskowe\/"]}]},{"@type":"ImageObject","inLanguage":"pl-PL","@id":"https:\/\/dimphealth.com\/pl\/nasze-zaangazowanie-srodowiskowe\/#primaryimage","url":"https:\/\/dimphealth.com\/wp-content\/uploads\/2025\/04\/thumbnail-dimphealth.jpg","contentUrl":"https:\/\/dimphealth.com\/wp-content\/uploads\/2025\/04\/thumbnail-dimphealth.jpg","width":1200,"height":675,"caption":"Imagen para compartir de DimpHealth en la que aparece su logo, un diente de le\u00f3n de fondo y su mochila portasueros en la esquina inferior derecha"},{"@type":"BreadcrumbList","@id":"https:\/\/dimphealth.com\/pl\/nasze-zaangazowanie-srodowiskowe\/#breadcrumb","itemListElement":[{"@type":"ListItem","position":1,"name":"Home","item":"https:\/\/dimphealth.com\/pl\/"},{"@type":"ListItem","position":2,"name":"Nasze zaanga\u017cowanie w ochron\u0119 \u015brodowiska"}]},{"@type":"WebSite","@id":"https:\/\/dimphealth.com\/pl\/#website","url":"https:\/\/dimphealth.com\/pl\/","name":"Dimphealth","description":"Innovaci\u00f3n y tecnolog\u00eda sanitaria","potentialAction":[{"@type":"SearchAction","target":{"@type":"EntryPoint","urlTemplate":"https:\/\/dimphealth.com\/pl\/?s={search_term_string}"},"query-input":{"@type":"PropertyValueSpecification","valueRequired":true,"valueName":"search_term_string"}}],"inLanguage":"pl-PL"}]}},"jetpack_sharing_enabled":true,"_links":{"self":[{"href":"https:\/\/dimphealth.com\/pl\/wp-json\/wp\/v2\/pages\/529","targetHints":{"allow":["GET"]}}],"collection":[{"href":"https:\/\/dimphealth.com\/pl\/wp-json\/wp\/v2\/pages"}],"about":[{"href":"https:\/\/dimphealth.com\/pl\/wp-json\/wp\/v2\/types\/page"}],"author":[{"embeddable":true,"href":"https:\/\/dimphealth.com\/pl\/wp-json\/wp\/v2\/users\/1"}],"replies":[{"embeddable":true,"href":"https:\/\/dimphealth.com\/pl\/wp-json\/wp\/v2\/comments?post=529"}],"version-history":[{"count":1,"href":"https:\/\/dimphealth.com\/pl\/wp-json\/wp\/v2\/pages\/529\/revisions"}],"predecessor-version":[{"id":531,"href":"https:\/\/dimphealth.com\/pl\/wp-json\/wp\/v2\/pages\/529\/revisions\/531"}],"wp:featuredmedia":[{"embeddable":true,"href":"https:\/\/dimphealth.com\/pl\/wp-json\/wp\/v2\/media\/530"}],"wp:attachment":[{"href":"https:\/\/dimphealth.com\/pl\/wp-json\/wp\/v2\/media?parent=529"}],"curies":[{"name":"wp","href":"https:\/\/api.w.org\/{rel}","templated":true}]}}