{"id":532,"date":"2025-03-28T09:08:11","date_gmt":"2025-03-28T08:08:11","guid":{"rendered":"https:\/\/dimphealth.com\/kontakt\/"},"modified":"2025-09-30T18:01:55","modified_gmt":"2025-09-30T16:01:55","slug":"kontakt","status":"publish","type":"page","link":"https:\/\/dimphealth.com\/pl\/kontakt\/","title":{"rendered":"Kontakt"},"content":{"rendered":"\n<div class=\"wp-block-group has-global-padding is-layout-constrained wp-block-group-is-layout-constrained\" style=\"margin-top:var(--wp--preset--spacing--relleno);margin-bottom:var(--wp--preset--spacing--relleno)\">\n<h1 class=\"wp-block-heading has-naranja-color has-text-color has-link-color has-body-font-family wp-elements-56085d261f65574d39bdbbebf6007495\" style=\"font-style:normal;font-weight:600\">Kontakt<\/h1>\n\n\n\n<hr class=\"wp-block-separator has-alpha-channel-opacity map__separator\"\/>\n\n\n\n<div style=\"height:var(--wp--preset--spacing--section)\" aria-hidden=\"true\" class=\"wp-block-spacer\"><\/div>\n\n\n\n<div class=\"wp-block-columns has-base-background-color has-background is-layout-flex wp-container-core-columns-is-layout-c3f38971 wp-block-columns-is-layout-flex\" style=\"margin-top:0;margin-bottom:0;padding-top:0;padding-right:0;padding-bottom:0;padding-left:0\">\n<div class=\"wp-block-column is-layout-flow wp-block-column-is-layout-flow\">\n<div class=\"web-map\">\n<iframe src=\"https:\/\/www.google.com\/maps\/d\/embed?mid=1uziLljLayurYXOibG4Ansn1TbdJ-QQI&#038;ehbc=2E312F&#038;noprof=1\"><\/iframe>\n<\/div>\n<\/div>\n\n\n\n<div class=\"wp-block-column is-layout-flow wp-block-column-is-layout-flow\" style=\"padding-top:var(--wp--preset--spacing--20);padding-right:var(--wp--preset--spacing--20);padding-bottom:var(--wp--preset--spacing--20);padding-left:var(--wp--preset--spacing--20)\">\n<div class=\"wp-block-group info-contact has-base-2-background-color has-background has-global-padding is-layout-constrained wp-container-core-group-is-layout-24567ffd wp-block-group-is-layout-constrained\" style=\"padding-top:var(--wp--preset--spacing--40);padding-right:var(--wp--preset--spacing--40);padding-bottom:var(--wp--preset--spacing--40);padding-left:var(--wp--preset--spacing--40)\">\n<h2 class=\"wp-block-heading has-naranja-color has-text-color has-link-color has-body-font-family has-h-4-font-size wp-elements-647f84f6901bfb060cef09825dd24b1f\" style=\"font-style:normal;font-weight:600\">Skontaktuj si\u0119 z nami lub odwied\u017a nas<\/h2>\n\n\n\n<p>C\/ Julio Cortazar, 1, Dilar, Granada<\/p>\n\n\n\n<p><a href=\"tel:+34 654508378\" target=\"_blank\" rel=\"noreferrer noopener\"><strong>654 50 83 78<\/strong><\/a><\/p>\n\n\n\n<p><a href=\"mailto:info@dimphealth.com\" target=\"_blank\" rel=\"noreferrer noopener\"><strong>info@dimphealth.com<\/strong><\/a><\/p>\n<\/div>\n<\/div>\n<\/div>\n<\/div>\n\n<div class=\"wp-block-group alignfull contact has-azul-principal-background-color has-background is-layout-flow wp-block-group-is-layout-flow\" style=\"padding-top:0;padding-right:0;padding-bottom:0;padding-left:0\">\n<div class=\"wp-block-cover is-light\"><span aria-hidden=\"true\" class=\"wp-block-cover__background has-base-background-color has-background-dim-80 has-background-dim\"><\/span><img loading=\"lazy\" decoding=\"async\" width=\"1200\" height=\"678\" class=\"wp-block-cover__image-background wp-image-59\" alt=\"Manos haciendo la forma de un cuenco en posici\u00f3n de recoger\" src=\"https:\/\/dimphealth.com\/wp-content\/uploads\/2025\/03\/manos-posicion-recoger-dimphealth.jpg\" data-object-fit=\"cover\" srcset=\"https:\/\/dimphealth.com\/wp-content\/uploads\/2025\/03\/manos-posicion-recoger-dimphealth.jpg 1200w, https:\/\/dimphealth.com\/wp-content\/uploads\/2025\/03\/manos-posicion-recoger-dimphealth-300x170.jpg 300w, https:\/\/dimphealth.com\/wp-content\/uploads\/2025\/03\/manos-posicion-recoger-dimphealth-1024x579.jpg 1024w, https:\/\/dimphealth.com\/wp-content\/uploads\/2025\/03\/manos-posicion-recoger-dimphealth-768x434.jpg 768w\" sizes=\"auto, (max-width: 1200px) 100vw, 1200px\" \/><div class=\"wp-block-cover__inner-container is-layout-flow wp-block-cover-is-layout-flow\">\n<div class=\"wp-block-group has-global-padding is-layout-constrained wp-block-group-is-layout-constrained\" style=\"padding-top:var(--wp--preset--spacing--relleno);padding-bottom:var(--wp--preset--spacing--relleno)\">\n<div class=\"wp-block-columns are-vertically-aligned-top is-layout-flex wp-container-core-columns-is-layout-658170e2 wp-block-columns-is-layout-flex\">\n<div class=\"wp-block-column is-vertically-aligned-top is-layout-flow wp-block-column-is-layout-flow\" style=\"flex-basis:40%\">\n<h2 class=\"wp-block-heading has-naranja-color has-text-color has-link-color has-body-font-family has-h-1-font-size wp-elements-06b72706d53b64b7b04065d247956d33\" style=\"font-style:normal;font-weight:700\">Porozmawiamy p\u00f3\u017aniej?<\/h2>\n\n\n\n<p class=\"has-black-color has-text-color has-link-color wp-elements-59bcb7baab80274d68436bab5711303b\">Podziel si\u0119 swoimi informacjami i powiedz nam, jak mo\u017cemy Ci pom\u00f3c. Jeste\u015bmy tu, aby odpowiedzie\u0107 na Twoje pytania. <\/p>\n<\/div>\n\n\n\n<div class=\"wp-block-column is-vertically-aligned-top is-layout-flow wp-block-column-is-layout-flow\" style=\"flex-basis:60%\">  <form id=\"contact-form\" class=\"js-contact-form contact-form\">\n    <div class=\"contact-form__group\">\n      <label for=\"contact-name\" class=\"screen-reader-text\">Nombre o empresa<\/label>\n      <input type=\"text\" id=\"contact-name\" name=\"contact-name\" placeholder=\"Nombre o empresa\" required>\n    <\/div>\n    <div class=\"contact-form__group\">\n      <label for=\"contact-phone\" class=\"screen-reader-text\">Tel\u00e9fono<\/label>\n      <input type=\"tel\" id=\"contact-phone\" name=\"contact-phone\" placeholder=\"Tel\u00e9fono\" required>\n    <\/div>\n    <div class=\"contact-form__group\">\n      <label for=\"contact-email\" class=\"screen-reader-text\">E-mail<\/label>\n      <input type=\"email\" id=\"contact-email\" name=\"contact-email\" placeholder=\"E-mail\" required>\n    <\/div>\n    <div class=\"contact-form__group\">\n      <label for=\"contact-message\" class=\"screen-reader-text\">Mensaje<\/label>\n      <textarea id=\"contact-message\" name=\"contact-message\" placeholder=\"Mensaje\" required><\/textarea>\n    <\/div>\n    <div class=\"contact-form__group contact-form__group--privacy\">\n      <input type=\"checkbox\" id=\"contact-privacy\" name=\"contact-privacy\" required>\n      <label for=\"contact-privacy\">\n        He le\u00eddo y acepto la <a href=\"\">pol\u00edtica de privacidad<\/a>      <\/label>\n    <\/div>\n    <input type=\"hidden\" id=\"contact-source\" name=\"contact-source\" data-name=\"utm_source\">\n    <button type=\"submit\">Enviar<\/button>\n  <\/form>\n<\/div>\n<\/div>\n<\/div>\n<\/div><\/div>\n<\/div>\n","protected":false},"excerpt":{"rendered":"<p>Kontakt Skontaktuj si\u0119 z nami lub odwied\u017a nas C\/ Julio Cortazar, 1, Dilar, Granada 654 50 83 78 info@dimphealth.com<\/p>\n","protected":false},"author":1,"featured_media":530,"parent":0,"menu_order":4,"comment_status":"closed","ping_status":"closed","template":"","meta":{"_acf_changed":false,"inline_featured_image":false,"footnotes":""},"class_list":["post-532","page","type-page","status-publish","has-post-thumbnail","hentry"],"acf":[],"yoast_head":"<!-- This site is optimized with the Yoast SEO plugin v26.3 - https:\/\/yoast.com\/wordpress\/plugins\/seo\/ -->\n<title>Kontakt - Dimphealth<\/title>\n<meta name=\"description\" content=\"Masz pytania lub potrzebujesz wi\u0119cej informacji? Skontaktuj si\u0119 z nami i dowiedz si\u0119, jak mo\u017cemy Ci pom\u00f3c dzi\u0119ki naszym innowacyjnym rozwi\u0105zaniom medycznym.\" \/>\n<meta name=\"robots\" content=\"index, follow, max-snippet:-1, max-image-preview:large, max-video-preview:-1\" \/>\n<link rel=\"canonical\" href=\"https:\/\/dimphealth.com\/pl\/kontakt\/\" \/>\n<meta property=\"og:locale\" content=\"pl_PL\" \/>\n<meta property=\"og:type\" content=\"article\" \/>\n<meta property=\"og:title\" content=\"Kontakt - Dimphealth\" \/>\n<meta property=\"og:description\" content=\"Masz pytania lub potrzebujesz wi\u0119cej informacji? Skontaktuj si\u0119 z nami i dowiedz si\u0119, jak mo\u017cemy Ci pom\u00f3c dzi\u0119ki naszym innowacyjnym rozwi\u0105zaniom medycznym.\" \/>\n<meta property=\"og:url\" content=\"https:\/\/dimphealth.com\/pl\/kontakt\/\" \/>\n<meta property=\"og:site_name\" content=\"Dimphealth\" \/>\n<meta property=\"article:modified_time\" content=\"2025-09-30T16:01:55+00:00\" \/>\n<meta property=\"og:image\" content=\"https:\/\/dimphealth.com\/wp-content\/uploads\/2025\/04\/thumbnail-dimphealth.jpg\" \/>\n\t<meta property=\"og:image:width\" content=\"1200\" \/>\n\t<meta property=\"og:image:height\" content=\"675\" \/>\n\t<meta property=\"og:image:type\" content=\"image\/jpeg\" \/>\n<meta name=\"twitter:card\" content=\"summary_large_image\" \/>\n<script type=\"application\/ld+json\" class=\"yoast-schema-graph\">{\"@context\":\"https:\/\/schema.org\",\"@graph\":[{\"@type\":\"WebPage\",\"@id\":\"https:\/\/dimphealth.com\/pl\/kontakt\/\",\"url\":\"https:\/\/dimphealth.com\/pl\/kontakt\/\",\"name\":\"Kontakt - Dimphealth\",\"isPartOf\":{\"@id\":\"https:\/\/dimphealth.com\/pl\/#website\"},\"primaryImageOfPage\":{\"@id\":\"https:\/\/dimphealth.com\/pl\/kontakt\/#primaryimage\"},\"image\":{\"@id\":\"https:\/\/dimphealth.com\/pl\/kontakt\/#primaryimage\"},\"thumbnailUrl\":\"https:\/\/dimphealth.com\/wp-content\/uploads\/2025\/04\/thumbnail-dimphealth.jpg\",\"datePublished\":\"2025-03-28T08:08:11+00:00\",\"dateModified\":\"2025-09-30T16:01:55+00:00\",\"description\":\"Masz pytania lub potrzebujesz wi\u0119cej informacji? Skontaktuj si\u0119 z nami i dowiedz si\u0119, jak mo\u017cemy Ci pom\u00f3c dzi\u0119ki naszym innowacyjnym rozwi\u0105zaniom medycznym.\",\"breadcrumb\":{\"@id\":\"https:\/\/dimphealth.com\/pl\/kontakt\/#breadcrumb\"},\"inLanguage\":\"pl-PL\",\"potentialAction\":[{\"@type\":\"ReadAction\",\"target\":[\"https:\/\/dimphealth.com\/pl\/kontakt\/\"]}]},{\"@type\":\"ImageObject\",\"inLanguage\":\"pl-PL\",\"@id\":\"https:\/\/dimphealth.com\/pl\/kontakt\/#primaryimage\",\"url\":\"https:\/\/dimphealth.com\/wp-content\/uploads\/2025\/04\/thumbnail-dimphealth.jpg\",\"contentUrl\":\"https:\/\/dimphealth.com\/wp-content\/uploads\/2025\/04\/thumbnail-dimphealth.jpg\",\"width\":1200,\"height\":675,\"caption\":\"Imagen para compartir de DimpHealth en la que aparece su logo, un diente de le\u00f3n de fondo y su mochila portasueros en la esquina inferior derecha\"},{\"@type\":\"BreadcrumbList\",\"@id\":\"https:\/\/dimphealth.com\/pl\/kontakt\/#breadcrumb\",\"itemListElement\":[{\"@type\":\"ListItem\",\"position\":1,\"name\":\"Home\",\"item\":\"https:\/\/dimphealth.com\/pl\/\"},{\"@type\":\"ListItem\",\"position\":2,\"name\":\"Kontakt\"}]},{\"@type\":\"WebSite\",\"@id\":\"https:\/\/dimphealth.com\/pl\/#website\",\"url\":\"https:\/\/dimphealth.com\/pl\/\",\"name\":\"Dimphealth\",\"description\":\"Innovaci\u00f3n y tecnolog\u00eda sanitaria\",\"potentialAction\":[{\"@type\":\"SearchAction\",\"target\":{\"@type\":\"EntryPoint\",\"urlTemplate\":\"https:\/\/dimphealth.com\/pl\/?s={search_term_string}\"},\"query-input\":{\"@type\":\"PropertyValueSpecification\",\"valueRequired\":true,\"valueName\":\"search_term_string\"}}],\"inLanguage\":\"pl-PL\"}]}<\/script>\n<!-- \/ Yoast SEO plugin. -->","yoast_head_json":{"title":"Kontakt - Dimphealth","description":"Masz pytania lub potrzebujesz wi\u0119cej informacji? Skontaktuj si\u0119 z nami i dowiedz si\u0119, jak mo\u017cemy Ci pom\u00f3c dzi\u0119ki naszym innowacyjnym rozwi\u0105zaniom medycznym.","robots":{"index":"index","follow":"follow","max-snippet":"max-snippet:-1","max-image-preview":"max-image-preview:large","max-video-preview":"max-video-preview:-1"},"canonical":"https:\/\/dimphealth.com\/pl\/kontakt\/","og_locale":"pl_PL","og_type":"article","og_title":"Kontakt - Dimphealth","og_description":"Masz pytania lub potrzebujesz wi\u0119cej informacji? Skontaktuj si\u0119 z nami i dowiedz si\u0119, jak mo\u017cemy Ci pom\u00f3c dzi\u0119ki naszym innowacyjnym rozwi\u0105zaniom medycznym.","og_url":"https:\/\/dimphealth.com\/pl\/kontakt\/","og_site_name":"Dimphealth","article_modified_time":"2025-09-30T16:01:55+00:00","og_image":[{"width":1200,"height":675,"url":"https:\/\/dimphealth.com\/wp-content\/uploads\/2025\/04\/thumbnail-dimphealth.jpg","type":"image\/jpeg"}],"twitter_card":"summary_large_image","schema":{"@context":"https:\/\/schema.org","@graph":[{"@type":"WebPage","@id":"https:\/\/dimphealth.com\/pl\/kontakt\/","url":"https:\/\/dimphealth.com\/pl\/kontakt\/","name":"Kontakt - Dimphealth","isPartOf":{"@id":"https:\/\/dimphealth.com\/pl\/#website"},"primaryImageOfPage":{"@id":"https:\/\/dimphealth.com\/pl\/kontakt\/#primaryimage"},"image":{"@id":"https:\/\/dimphealth.com\/pl\/kontakt\/#primaryimage"},"thumbnailUrl":"https:\/\/dimphealth.com\/wp-content\/uploads\/2025\/04\/thumbnail-dimphealth.jpg","datePublished":"2025-03-28T08:08:11+00:00","dateModified":"2025-09-30T16:01:55+00:00","description":"Masz pytania lub potrzebujesz wi\u0119cej informacji? Skontaktuj si\u0119 z nami i dowiedz si\u0119, jak mo\u017cemy Ci pom\u00f3c dzi\u0119ki naszym innowacyjnym rozwi\u0105zaniom medycznym.","breadcrumb":{"@id":"https:\/\/dimphealth.com\/pl\/kontakt\/#breadcrumb"},"inLanguage":"pl-PL","potentialAction":[{"@type":"ReadAction","target":["https:\/\/dimphealth.com\/pl\/kontakt\/"]}]},{"@type":"ImageObject","inLanguage":"pl-PL","@id":"https:\/\/dimphealth.com\/pl\/kontakt\/#primaryimage","url":"https:\/\/dimphealth.com\/wp-content\/uploads\/2025\/04\/thumbnail-dimphealth.jpg","contentUrl":"https:\/\/dimphealth.com\/wp-content\/uploads\/2025\/04\/thumbnail-dimphealth.jpg","width":1200,"height":675,"caption":"Imagen para compartir de DimpHealth en la que aparece su logo, un diente de le\u00f3n de fondo y su mochila portasueros en la esquina inferior derecha"},{"@type":"BreadcrumbList","@id":"https:\/\/dimphealth.com\/pl\/kontakt\/#breadcrumb","itemListElement":[{"@type":"ListItem","position":1,"name":"Home","item":"https:\/\/dimphealth.com\/pl\/"},{"@type":"ListItem","position":2,"name":"Kontakt"}]},{"@type":"WebSite","@id":"https:\/\/dimphealth.com\/pl\/#website","url":"https:\/\/dimphealth.com\/pl\/","name":"Dimphealth","description":"Innovaci\u00f3n y tecnolog\u00eda sanitaria","potentialAction":[{"@type":"SearchAction","target":{"@type":"EntryPoint","urlTemplate":"https:\/\/dimphealth.com\/pl\/?s={search_term_string}"},"query-input":{"@type":"PropertyValueSpecification","valueRequired":true,"valueName":"search_term_string"}}],"inLanguage":"pl-PL"}]}},"jetpack_sharing_enabled":true,"_links":{"self":[{"href":"https:\/\/dimphealth.com\/pl\/wp-json\/wp\/v2\/pages\/532","targetHints":{"allow":["GET"]}}],"collection":[{"href":"https:\/\/dimphealth.com\/pl\/wp-json\/wp\/v2\/pages"}],"about":[{"href":"https:\/\/dimphealth.com\/pl\/wp-json\/wp\/v2\/types\/page"}],"author":[{"embeddable":true,"href":"https:\/\/dimphealth.com\/pl\/wp-json\/wp\/v2\/users\/1"}],"replies":[{"embeddable":true,"href":"https:\/\/dimphealth.com\/pl\/wp-json\/wp\/v2\/comments?post=532"}],"version-history":[{"count":1,"href":"https:\/\/dimphealth.com\/pl\/wp-json\/wp\/v2\/pages\/532\/revisions"}],"predecessor-version":[{"id":533,"href":"https:\/\/dimphealth.com\/pl\/wp-json\/wp\/v2\/pages\/532\/revisions\/533"}],"wp:featuredmedia":[{"embeddable":true,"href":"https:\/\/dimphealth.com\/pl\/wp-json\/wp\/v2\/media\/530"}],"wp:attachment":[{"href":"https:\/\/dimphealth.com\/pl\/wp-json\/wp\/v2\/media?parent=532"}],"curies":[{"name":"wp","href":"https:\/\/api.w.org\/{rel}","templated":true}]}}